{"id":260,"date":"2021-09-07T17:39:48","date_gmt":"2021-09-07T10:39:48","guid":{"rendered":"https:\/\/jcieastsaigon.com\/?page_id=260"},"modified":"2021-11-21T11:37:50","modified_gmt":"2021-11-21T04:37:50","slug":"blue-and-green","status":"publish","type":"page","link":"https:\/\/jcieastsaigon.com\/en\/du-an\/blue-and-green\/","title":{"rendered":"BLUE AND GREEN"},"content":{"rendered":"<div data-elementor-type=\"wp-page\" data-elementor-id=\"260\" class=\"elementor elementor-260\">\n\t\t\t\t\t\t\t\t\t<section class=\"elementor-section elementor-top-section elementor-element elementor-element-74489231 elementor-section-content-middle elementor-reverse-mobile elementor-section-boxed elementor-section-height-default elementor-section-height-default\" data-id=\"74489231\" data-element_type=\"section\">\n\t\t\t\t\t\t<div class=\"elementor-container elementor-column-gap-default\">\n\t\t\t\t\t<div class=\"elementor-column elementor-col-50 elementor-top-column elementor-element elementor-element-12bd9c79\" data-id=\"12bd9c79\" data-element_type=\"column\">\n\t\t\t<div class=\"elementor-widget-wrap elementor-element-populated\">\n\t\t\t\t\t\t\t\t<div class=\"elementor-element elementor-element-636a05cd elementor-invisible elementor-widget elementor-widget-heading\" data-id=\"636a05cd\" data-element_type=\"widget\" data-settings=\"{&quot;_animation&quot;:&quot;fadeInLeft&quot;}\" data-widget_type=\"heading.default\">\n\t\t\t\t<div class=\"elementor-widget-container\">\n\t\t\t<style>\/*! elementor - v3.18.0 - 20-12-2023 *\/\n.elementor-heading-title{padding:0;margin:0;line-height:1}.elementor-widget-heading .elementor-heading-title[class*=elementor-size-]>a{color:inherit;font-size:inherit;line-height:inherit}.elementor-widget-heading .elementor-heading-title.elementor-size-small{font-size:15px}.elementor-widget-heading .elementor-heading-title.elementor-size-medium{font-size:19px}.elementor-widget-heading .elementor-heading-title.elementor-size-large{font-size:29px}.elementor-widget-heading .elementor-heading-title.elementor-size-xl{font-size:39px}.elementor-widget-heading .elementor-heading-title.elementor-size-xxl{font-size:59px}<\/style><h3 class=\"elementor-heading-title elementor-size-large\">ESTABLISH<\/h3>\t\t<\/div>\n\t\t\t\t<\/div>\n\t\t\t\t<div class=\"elementor-element elementor-element-12b1c708 elementor-invisible elementor-widget elementor-widget-text-editor\" data-id=\"12b1c708\" data-element_type=\"widget\" data-settings=\"{&quot;_animation&quot;:&quot;fadeInLeft&quot;}\" data-widget_type=\"text-editor.default\">\n\t\t\t\t<div class=\"elementor-widget-container\">\n\t\t\t<style>\/*! elementor - v3.18.0 - 20-12-2023 *\/\n.elementor-widget-text-editor.elementor-drop-cap-view-stacked .elementor-drop-cap{background-color:#69727d;color:#fff}.elementor-widget-text-editor.elementor-drop-cap-view-framed .elementor-drop-cap{color:#69727d;border:3px solid;background-color:transparent}.elementor-widget-text-editor:not(.elementor-drop-cap-view-default) .elementor-drop-cap{margin-top:8px}.elementor-widget-text-editor:not(.elementor-drop-cap-view-default) .elementor-drop-cap-letter{width:1em;height:1em}.elementor-widget-text-editor .elementor-drop-cap{float:left;text-align:center;line-height:1;font-size:50px}.elementor-widget-text-editor .elementor-drop-cap-letter{display:inline-block}<\/style>\t\t\t\t<p style=\"text-align: justify;\"><span style=\"font-weight: 400; font-size: 14pt;\">Blue and Green is jci East Saigon's greenery project. Launched at the end of 2014 with the event \"Planting 100 trees of Can Gio mangrove forest\", by 2015, the project continued to expand with 1,000 trees and in 2016, this number increased to 3,000.\u00a0<\/span><\/p>\t\t\t\t\t\t<\/div>\n\t\t\t\t<\/div>\n\t\t\t\t\t<\/div>\n\t\t<\/div>\n\t\t\t\t<div class=\"elementor-column elementor-col-50 elementor-top-column elementor-element elementor-element-5558993a\" data-id=\"5558993a\" data-element_type=\"column\">\n\t\t\t<div class=\"elementor-widget-wrap elementor-element-populated\">\n\t\t\t\t\t\t\t\t<div class=\"elementor-element elementor-element-61edb366 elementor-invisible elementor-widget elementor-widget-image\" data-id=\"61edb366\" data-element_type=\"widget\" data-settings=\"{&quot;_animation&quot;:&quot;fadeInRight&quot;}\" data-widget_type=\"image.default\">\n\t\t\t\t<div class=\"elementor-widget-container\">\n\t\t\t<style>\/*! elementor - v3.18.0 - 20-12-2023 *\/\n.elementor-widget-image{text-align:center}.elementor-widget-image a{display:inline-block}.elementor-widget-image a img[src$=\".svg\"]{width:48px}.elementor-widget-image img{vertical-align:middle;display:inline-block}<\/style>\t\t\t\t\t\t\t\t\t\t\t\t<img fetchpriority=\"high\" decoding=\"async\" width=\"300\" height=\"225\" src=\"https:\/\/jcieastsaigon.com\/wp-content\/uploads\/2021\/09\/BlueGreen-300x225.png\" class=\"attachment-medium size-medium wp-image-923\" alt=\"\" srcset=\"https:\/\/jcieastsaigon.com\/wp-content\/uploads\/2021\/09\/BlueGreen-300x225.png 300w, https:\/\/jcieastsaigon.com\/wp-content\/uploads\/2021\/09\/BlueGreen-1024x768.png 1024w, https:\/\/jcieastsaigon.com\/wp-content\/uploads\/2021\/09\/BlueGreen-768x576.png 768w, https:\/\/jcieastsaigon.com\/wp-content\/uploads\/2021\/09\/BlueGreen-1536x1152.png 1536w, https:\/\/jcieastsaigon.com\/wp-content\/uploads\/2021\/09\/BlueGreen-2048x1536.png 2048w, https:\/\/jcieastsaigon.com\/wp-content\/uploads\/2021\/09\/BlueGreen-16x12.png 16w, https:\/\/jcieastsaigon.com\/wp-content\/uploads\/2021\/09\/BlueGreen-1440x1080.png 1440w\" sizes=\"(max-width: 300px) 100vw, 300px\" \/>\t\t\t\t\t\t\t\t\t\t\t\t\t\t\t<\/div>\n\t\t\t\t<\/div>\n\t\t\t\t\t<\/div>\n\t\t<\/div>\n\t\t\t\t\t\t\t<\/div>\n\t\t<\/section>\n\t\t\t\t<section class=\"elementor-section elementor-top-section elementor-element elementor-element-690e583 elementor-section-content-middle elementor-section-boxed elementor-section-height-default elementor-section-height-default\" data-id=\"690e583\" data-element_type=\"section\">\n\t\t\t\t\t\t<div class=\"elementor-container elementor-column-gap-default\">\n\t\t\t\t\t<div class=\"elementor-column elementor-col-50 elementor-top-column elementor-element elementor-element-65644180\" data-id=\"65644180\" data-element_type=\"column\">\n\t\t\t<div class=\"elementor-widget-wrap elementor-element-populated\">\n\t\t\t\t\t\t\t\t<div class=\"elementor-element elementor-element-6536a0b0 elementor-invisible elementor-widget elementor-widget-image\" data-id=\"6536a0b0\" data-element_type=\"widget\" data-settings=\"{&quot;_animation&quot;:&quot;fadeInLeft&quot;}\" data-widget_type=\"image.default\">\n\t\t\t\t<div class=\"elementor-widget-container\">\n\t\t\t\t\t\t\t\t\t\t\t\t\t\t\t<img decoding=\"async\" width=\"300\" height=\"225\" src=\"https:\/\/jcieastsaigon.com\/wp-content\/uploads\/2021\/09\/10526044_967620923263574_893709274964497559_n-1-300x225.jpg\" class=\"attachment-medium size-medium wp-image-458\" alt=\"\" srcset=\"https:\/\/jcieastsaigon.com\/wp-content\/uploads\/2021\/09\/10526044_967620923263574_893709274964497559_n-1-300x225.jpg 300w, https:\/\/jcieastsaigon.com\/wp-content\/uploads\/2021\/09\/10526044_967620923263574_893709274964497559_n-1-768x576.jpg 768w, https:\/\/jcieastsaigon.com\/wp-content\/uploads\/2021\/09\/10526044_967620923263574_893709274964497559_n-1-16x12.jpg 16w, https:\/\/jcieastsaigon.com\/wp-content\/uploads\/2021\/09\/10526044_967620923263574_893709274964497559_n-1-600x450.jpg 600w, https:\/\/jcieastsaigon.com\/wp-content\/uploads\/2021\/09\/10526044_967620923263574_893709274964497559_n-1.jpg 960w\" sizes=\"(max-width: 300px) 100vw, 300px\" \/>\t\t\t\t\t\t\t\t\t\t\t\t\t\t\t<\/div>\n\t\t\t\t<\/div>\n\t\t\t\t\t<\/div>\n\t\t<\/div>\n\t\t\t\t<div class=\"elementor-column elementor-col-50 elementor-top-column elementor-element elementor-element-396fa881\" data-id=\"396fa881\" data-element_type=\"column\">\n\t\t\t<div class=\"elementor-widget-wrap elementor-element-populated\">\n\t\t\t\t\t\t\t\t<div class=\"elementor-element elementor-element-796c037 elementor-invisible elementor-widget elementor-widget-text-editor\" data-id=\"796c037\" data-element_type=\"widget\" data-settings=\"{&quot;_animation&quot;:&quot;fadeInRight&quot;}\" data-widget_type=\"text-editor.default\">\n\t\t\t\t<div class=\"elementor-widget-container\">\n\t\t\t\t\t\t\t<p style=\"text-align: justify;\"><span style=\"font-weight: 400; font-size: 14pt;\">In 2021, JCI East Saigon is expected to continue the Blue and Green project with two main activities: creating a home tree planting movement to raise awareness of environmental protection in the community, and continue to find partners outside JCI to participate in reforestation activities.<\/span><\/p>\t\t\t\t\t\t<\/div>\n\t\t\t\t<\/div>\n\t\t\t\t\t<\/div>\n\t\t<\/div>\n\t\t\t\t\t\t\t<\/div>\n\t\t<\/section>\n\t\t\t\t<section class=\"elementor-section elementor-top-section elementor-element elementor-element-2e5ac84 elementor-section-boxed elementor-section-height-default elementor-section-height-default\" data-id=\"2e5ac84\" data-element_type=\"section\">\n\t\t\t\t\t\t<div class=\"elementor-container elementor-column-gap-default\">\n\t\t\t\t\t<div class=\"elementor-column elementor-col-100 elementor-top-column elementor-element elementor-element-3c6edec\" data-id=\"3c6edec\" data-element_type=\"column\">\n\t\t\t<div class=\"elementor-widget-wrap elementor-element-populated\">\n\t\t\t\t\t\t\t\t<div class=\"elementor-element elementor-element-8c93033 elementor-view-stacked elementor-shape-circle elementor-invisible elementor-widget elementor-widget-icon\" data-id=\"8c93033\" data-element_type=\"widget\" data-settings=\"{&quot;_animation&quot;:&quot;fadeInDown&quot;}\" data-widget_type=\"icon.default\">\n\t\t\t\t<div class=\"elementor-widget-container\">\n\t\t\t\t\t<div class=\"elementor-icon-wrapper\">\n\t\t\t<div class=\"elementor-icon\">\n\t\t\t<i aria-hidden=\"true\" class=\"far fa-images\"><\/i>\t\t\t<\/div>\n\t\t<\/div>\n\t\t\t\t<\/div>\n\t\t\t\t<\/div>\n\t\t\t\t\t<\/div>\n\t\t<\/div>\n\t\t\t\t\t\t\t<\/div>\n\t\t<\/section>\n\t\t\t\t<section class=\"elementor-section elementor-top-section elementor-element elementor-element-59dc6d6 elementor-section-boxed elementor-section-height-default elementor-section-height-default\" data-id=\"59dc6d6\" data-element_type=\"section\">\n\t\t\t\t\t\t<div class=\"elementor-container elementor-column-gap-default\">\n\t\t\t\t\t<div class=\"elementor-column elementor-col-33 elementor-top-column elementor-element elementor-element-215cf38\" data-id=\"215cf38\" data-element_type=\"column\">\n\t\t\t<div class=\"elementor-widget-wrap elementor-element-populated\">\n\t\t\t\t\t\t\t\t<div class=\"elementor-element elementor-element-2ccf701 elementor-widget elementor-widget-image\" data-id=\"2ccf701\" data-element_type=\"widget\" data-widget_type=\"image.default\">\n\t\t\t\t<div class=\"elementor-widget-container\">\n\t\t\t\t\t\t\t\t\t\t\t\t\t\t\t<img decoding=\"async\" width=\"1024\" height=\"683\" src=\"https:\/\/jcieastsaigon.com\/wp-content\/uploads\/2021\/09\/11080694_1107752465917085_6745238351793507313_o-1024x683.jpg\" class=\"attachment-large size-large wp-image-460\" alt=\"\" srcset=\"https:\/\/jcieastsaigon.com\/wp-content\/uploads\/2021\/09\/11080694_1107752465917085_6745238351793507313_o-1024x683.jpg 1024w, https:\/\/jcieastsaigon.com\/wp-content\/uploads\/2021\/09\/11080694_1107752465917085_6745238351793507313_o-300x200.jpg 300w, https:\/\/jcieastsaigon.com\/wp-content\/uploads\/2021\/09\/11080694_1107752465917085_6745238351793507313_o-768x512.jpg 768w, https:\/\/jcieastsaigon.com\/wp-content\/uploads\/2021\/09\/11080694_1107752465917085_6745238351793507313_o-1536x1024.jpg 1536w, https:\/\/jcieastsaigon.com\/wp-content\/uploads\/2021\/09\/11080694_1107752465917085_6745238351793507313_o-18x12.jpg 18w, https:\/\/jcieastsaigon.com\/wp-content\/uploads\/2021\/09\/11080694_1107752465917085_6745238351793507313_o-1620x1080.jpg 1620w, https:\/\/jcieastsaigon.com\/wp-content\/uploads\/2021\/09\/11080694_1107752465917085_6745238351793507313_o-600x400.jpg 600w, https:\/\/jcieastsaigon.com\/wp-content\/uploads\/2021\/09\/11080694_1107752465917085_6745238351793507313_o.jpg 2048w\" sizes=\"(max-width: 1024px) 100vw, 1024px\" \/>\t\t\t\t\t\t\t\t\t\t\t\t\t\t\t<\/div>\n\t\t\t\t<\/div>\n\t\t\t\t\t<\/div>\n\t\t<\/div>\n\t\t\t\t<div class=\"elementor-column elementor-col-33 elementor-top-column elementor-element elementor-element-842527f\" data-id=\"842527f\" data-element_type=\"column\">\n\t\t\t<div class=\"elementor-widget-wrap elementor-element-populated\">\n\t\t\t\t\t\t\t\t<div class=\"elementor-element elementor-element-70fad20 elementor-widget elementor-widget-image\" data-id=\"70fad20\" data-element_type=\"widget\" data-widget_type=\"image.default\">\n\t\t\t\t<div class=\"elementor-widget-container\">\n\t\t\t\t\t\t\t\t\t\t\t\t\t\t\t<img loading=\"lazy\" decoding=\"async\" width=\"1024\" height=\"683\" src=\"https:\/\/jcieastsaigon.com\/wp-content\/uploads\/2021\/09\/11080343_1107752745917057_5970789498842397612_o-1-1024x683.jpg\" class=\"attachment-large size-large wp-image-461\" alt=\"\" srcset=\"https:\/\/jcieastsaigon.com\/wp-content\/uploads\/2021\/09\/11080343_1107752745917057_5970789498842397612_o-1-1024x683.jpg 1024w, https:\/\/jcieastsaigon.com\/wp-content\/uploads\/2021\/09\/11080343_1107752745917057_5970789498842397612_o-1-300x200.jpg 300w, https:\/\/jcieastsaigon.com\/wp-content\/uploads\/2021\/09\/11080343_1107752745917057_5970789498842397612_o-1-768x512.jpg 768w, https:\/\/jcieastsaigon.com\/wp-content\/uploads\/2021\/09\/11080343_1107752745917057_5970789498842397612_o-1-1536x1024.jpg 1536w, https:\/\/jcieastsaigon.com\/wp-content\/uploads\/2021\/09\/11080343_1107752745917057_5970789498842397612_o-1-18x12.jpg 18w, https:\/\/jcieastsaigon.com\/wp-content\/uploads\/2021\/09\/11080343_1107752745917057_5970789498842397612_o-1-1620x1080.jpg 1620w, https:\/\/jcieastsaigon.com\/wp-content\/uploads\/2021\/09\/11080343_1107752745917057_5970789498842397612_o-1-600x400.jpg 600w, https:\/\/jcieastsaigon.com\/wp-content\/uploads\/2021\/09\/11080343_1107752745917057_5970789498842397612_o-1.jpg 2048w\" sizes=\"(max-width: 1024px) 100vw, 1024px\" \/>\t\t\t\t\t\t\t\t\t\t\t\t\t\t\t<\/div>\n\t\t\t\t<\/div>\n\t\t\t\t\t<\/div>\n\t\t<\/div>\n\t\t\t\t<div class=\"elementor-column elementor-col-33 elementor-top-column elementor-element elementor-element-a036d40\" data-id=\"a036d40\" data-element_type=\"column\">\n\t\t\t<div class=\"elementor-widget-wrap elementor-element-populated\">\n\t\t\t\t\t\t\t\t<div class=\"elementor-element elementor-element-64c2c4d elementor-widget elementor-widget-image\" data-id=\"64c2c4d\" data-element_type=\"widget\" data-widget_type=\"image.default\">\n\t\t\t\t<div class=\"elementor-widget-container\">\n\t\t\t\t\t\t\t\t\t\t\t\t\t\t\t<img loading=\"lazy\" decoding=\"async\" width=\"1024\" height=\"683\" src=\"https:\/\/jcieastsaigon.com\/wp-content\/uploads\/2021\/09\/17620423_1855648267794164_6677781020911342368_o-1024x683.jpg\" class=\"attachment-large size-large wp-image-463\" alt=\"\" srcset=\"https:\/\/jcieastsaigon.com\/wp-content\/uploads\/2021\/09\/17620423_1855648267794164_6677781020911342368_o-1024x683.jpg 1024w, https:\/\/jcieastsaigon.com\/wp-content\/uploads\/2021\/09\/17620423_1855648267794164_6677781020911342368_o-300x200.jpg 300w, https:\/\/jcieastsaigon.com\/wp-content\/uploads\/2021\/09\/17620423_1855648267794164_6677781020911342368_o-768x512.jpg 768w, https:\/\/jcieastsaigon.com\/wp-content\/uploads\/2021\/09\/17620423_1855648267794164_6677781020911342368_o-1536x1024.jpg 1536w, https:\/\/jcieastsaigon.com\/wp-content\/uploads\/2021\/09\/17620423_1855648267794164_6677781020911342368_o-18x12.jpg 18w, https:\/\/jcieastsaigon.com\/wp-content\/uploads\/2021\/09\/17620423_1855648267794164_6677781020911342368_o-1620x1080.jpg 1620w, https:\/\/jcieastsaigon.com\/wp-content\/uploads\/2021\/09\/17620423_1855648267794164_6677781020911342368_o-600x400.jpg 600w, https:\/\/jcieastsaigon.com\/wp-content\/uploads\/2021\/09\/17620423_1855648267794164_6677781020911342368_o.jpg 2048w\" sizes=\"(max-width: 1024px) 100vw, 1024px\" \/>\t\t\t\t\t\t\t\t\t\t\t\t\t\t\t<\/div>\n\t\t\t\t<\/div>\n\t\t\t\t\t<\/div>\n\t\t<\/div>\n\t\t\t\t\t\t\t<\/div>\n\t\t<\/section>\n\t\t\t\t<section class=\"elementor-section elementor-top-section elementor-element elementor-element-a1225a1 elementor-section-boxed elementor-section-height-default elementor-section-height-default\" data-id=\"a1225a1\" data-element_type=\"section\">\n\t\t\t\t\t\t<div class=\"elementor-container elementor-column-gap-default\">\n\t\t\t\t\t<div class=\"elementor-column elementor-col-50 elementor-top-column elementor-element elementor-element-1e6da9d\" data-id=\"1e6da9d\" data-element_type=\"column\">\n\t\t\t<div class=\"elementor-widget-wrap elementor-element-populated\">\n\t\t\t\t\t\t\t\t<div class=\"elementor-element elementor-element-e1701bb elementor-widget elementor-widget-image\" data-id=\"e1701bb\" data-element_type=\"widget\" data-widget_type=\"image.default\">\n\t\t\t\t<div class=\"elementor-widget-container\">\n\t\t\t\t\t\t\t\t\t\t\t\t\t\t\t<img loading=\"lazy\" decoding=\"async\" width=\"720\" height=\"960\" src=\"https:\/\/jcieastsaigon.com\/wp-content\/uploads\/2021\/09\/11075152_1108074495884882_3938774610689273264_n-1.jpg\" class=\"attachment-medium_large size-medium_large wp-image-464\" alt=\"\" srcset=\"https:\/\/jcieastsaigon.com\/wp-content\/uploads\/2021\/09\/11075152_1108074495884882_3938774610689273264_n-1.jpg 720w, https:\/\/jcieastsaigon.com\/wp-content\/uploads\/2021\/09\/11075152_1108074495884882_3938774610689273264_n-1-225x300.jpg 225w, https:\/\/jcieastsaigon.com\/wp-content\/uploads\/2021\/09\/11075152_1108074495884882_3938774610689273264_n-1-9x12.jpg 9w, https:\/\/jcieastsaigon.com\/wp-content\/uploads\/2021\/09\/11075152_1108074495884882_3938774610689273264_n-1-600x800.jpg 600w\" sizes=\"(max-width: 720px) 100vw, 720px\" \/>\t\t\t\t\t\t\t\t\t\t\t\t\t\t\t<\/div>\n\t\t\t\t<\/div>\n\t\t\t\t\t<\/div>\n\t\t<\/div>\n\t\t\t\t<div class=\"elementor-column elementor-col-50 elementor-top-column elementor-element elementor-element-2771f53\" data-id=\"2771f53\" data-element_type=\"column\">\n\t\t\t<div class=\"elementor-widget-wrap elementor-element-populated\">\n\t\t\t\t\t\t\t\t<div class=\"elementor-element elementor-element-df6a69a elementor-widget elementor-widget-image\" data-id=\"df6a69a\" data-element_type=\"widget\" data-widget_type=\"image.default\">\n\t\t\t\t<div class=\"elementor-widget-container\">\n\t\t\t\t\t\t\t\t\t\t\t\t\t\t\t<img loading=\"lazy\" decoding=\"async\" width=\"960\" height=\"639\" src=\"https:\/\/jcieastsaigon.com\/wp-content\/uploads\/2021\/09\/17553426_1855645744461083_1525312909753907432_n.jpg\" class=\"attachment-large size-large wp-image-465\" alt=\"\" srcset=\"https:\/\/jcieastsaigon.com\/wp-content\/uploads\/2021\/09\/17553426_1855645744461083_1525312909753907432_n.jpg 960w, https:\/\/jcieastsaigon.com\/wp-content\/uploads\/2021\/09\/17553426_1855645744461083_1525312909753907432_n-300x200.jpg 300w, https:\/\/jcieastsaigon.com\/wp-content\/uploads\/2021\/09\/17553426_1855645744461083_1525312909753907432_n-768x511.jpg 768w, https:\/\/jcieastsaigon.com\/wp-content\/uploads\/2021\/09\/17553426_1855645744461083_1525312909753907432_n-18x12.jpg 18w, https:\/\/jcieastsaigon.com\/wp-content\/uploads\/2021\/09\/17553426_1855645744461083_1525312909753907432_n-600x399.jpg 600w\" sizes=\"(max-width: 960px) 100vw, 960px\" \/>\t\t\t\t\t\t\t\t\t\t\t\t\t\t\t<\/div>\n\t\t\t\t<\/div>\n\t\t\t\t\t<\/div>\n\t\t<\/div>\n\t\t\t\t\t\t\t<\/div>\n\t\t<\/section>\n\t\t\t\t\t\t\t<\/div>","protected":false},"excerpt":{"rendered":"<p>TH\u00c0NH L\u1eacP Blue and Green l\u00e0 d\u1ef1 \u00e1n tr\u1ed3ng c\u00e2y xanh v\u00ec m\u00f4i tr\u01b0\u1eddng c\u1ee7a JCI East Saigon. Ra \u0111\u1eddi v\u00e0o cu\u1ed1i n\u0103m 2014 v\u1edbi s\u1ef1 ki\u1ec7n \u201cTr\u1ed3ng 100 c\u00e2y r\u1eebng ng\u1eadp m\u1eb7n C\u1ea7n Gi\u1edd\u201d, \u0111\u1ebfn n\u0103m 2015, d\u1ef1 \u00e1n ti\u1ebfp t\u1ee5c m\u1edf r\u1ed9ng quy m\u00f4 v\u1edbi 1,000 c\u00e2y v\u00e0 trong n\u0103m 2016, con s\u1ed1&hellip; <br \/> <a class=\"read-more\" href=\"https:\/\/jcieastsaigon.com\/en\/du-an\/blue-and-green\/\">Read more<\/a><\/p>","protected":false},"author":1,"featured_media":0,"parent":23,"menu_order":0,"comment_status":"closed","ping_status":"closed","template":"","meta":{"footnotes":""},"class_list":["post-260","page","type-page","status-publish","hentry"],"_links":{"self":[{"href":"https:\/\/jcieastsaigon.com\/en\/wp-json\/wp\/v2\/pages\/260","targetHints":{"allow":["GET"]}}],"collection":[{"href":"https:\/\/jcieastsaigon.com\/en\/wp-json\/wp\/v2\/pages"}],"about":[{"href":"https:\/\/jcieastsaigon.com\/en\/wp-json\/wp\/v2\/types\/page"}],"author":[{"embeddable":true,"href":"https:\/\/jcieastsaigon.com\/en\/wp-json\/wp\/v2\/users\/1"}],"replies":[{"embeddable":true,"href":"https:\/\/jcieastsaigon.com\/en\/wp-json\/wp\/v2\/comments?post=260"}],"version-history":[{"count":1,"href":"https:\/\/jcieastsaigon.com\/en\/wp-json\/wp\/v2\/pages\/260\/revisions"}],"predecessor-version":[{"id":1765,"href":"https:\/\/jcieastsaigon.com\/en\/wp-json\/wp\/v2\/pages\/260\/revisions\/1765"}],"up":[{"embeddable":true,"href":"https:\/\/jcieastsaigon.com\/en\/wp-json\/wp\/v2\/pages\/23"}],"wp:attachment":[{"href":"https:\/\/jcieastsaigon.com\/en\/wp-json\/wp\/v2\/media?parent=260"}],"curies":[{"name":"wp","href":"https:\/\/api.w.org\/{rel}","templated":true}]}}